{"id":287,"date":"2021-12-05T00:09:06","date_gmt":"2021-12-05T00:09:06","guid":{"rendered":"https:\/\/kinsley-demo.bslthemes.com\/?page_id=287"},"modified":"2026-03-17T07:11:32","modified_gmt":"2026-03-17T07:11:32","slug":"about","status":"publish","type":"page","link":"https:\/\/sunbeachhotel-bj.com\/index.php\/about\/","title":{"rendered":"About"},"content":{"rendered":"\t\t<div data-elementor-type=\"wp-page\" data-elementor-id=\"287\" class=\"elementor elementor-287\">\n\t\t\t\t\t\t<section class=\"elementor-section elementor-top-section elementor-element elementor-element-bb5256a elementor-section-full_width elementor-section-height-default elementor-section-height-default\" data-id=\"bb5256a\" data-element_type=\"section\">\n\t\t\t\t\t\t<div class=\"elementor-container elementor-column-gap-no\">\n\t\t\t\t\t<div class=\"elementor-column elementor-col-100 elementor-top-column elementor-element elementor-element-dec0541\" data-id=\"dec0541\" data-element_type=\"column\">\n\t\t\t<div class=\"elementor-widget-wrap elementor-element-populated\">\n\t\t\t\t\t\t<div class=\"elementor-element elementor-element-80e1cce elementor-widget elementor-widget-kinsley-intro\" data-id=\"80e1cce\" data-element_type=\"widget\" data-widget_type=\"kinsley-intro.default\">\n\t\t\t\t<div class=\"elementor-widget-container\">\n\t\t\t\t\t\n    <!-- banner -->\n    <section class=\"knsl-banner-simple knsl-transition-bottom\">\n      \n\t\t\t\t<img decoding=\"async\" src=\"https:\/\/sunbeachhotel-bj.com\/wp-content\/themes\/kinsley\/assets\/img\/palm.svg\" class=\"knsl-deco-left\" alt=\"palm\" \/>\n\t\t<img decoding=\"async\" src=\"https:\/\/sunbeachhotel-bj.com\/wp-content\/themes\/kinsley\/assets\/img\/palm.svg\" class=\"knsl-deco-right\" alt=\"palm\" \/>\n\t\t\n\t\n\t  \t  <div class=\"knsl-cover-frame\">\n\t\t\t\t\t\t<div style=\"background-image: url('https:\/\/sunbeachhotel-bj.com\/wp-content\/uploads\/2026\/03\/P1173857-1-1920x1079.jpg');\" class=\"knsl-parallax knsl-banner-slide\"><\/div>\n\t\t\t\t\t\t\t\t\t  <\/div>\n\t  <div class=\"knsl-overlay\" style=\"opacity: 1;\"><\/div>\n\t  \n      <div class=\"container\">\n        <div class=\"row\">\n          <div class=\"col-lg-12\">\n\n            <div class=\"knsl-center knsl-title-frame\">\n                            <h1 class=\"knsl-title--h knsl-mb-20 knsl-h1-inner\">\n                <span >\n                    Sun Beach H\u00f4tel &amp; Suites Cotonou \u2013 L\u2019art de l\u2019hospitalit\u00e9 b\u00e9ninoise                <\/span>\n              <\/h1>\n                                          <p class=\"knsl-text knsl-mb-30\">\n                <span >\n                    D\u00e9couvrez l\u2019histoire et les valeurs du Sun Beach H\u00f4tel &amp; Suites \u00e0 Cotonou : \u00e9l\u00e9gance, confort et accueil authentique au c\u0153ur du B\u00e9nin.                <\/span>\n              <\/p>\n              \n              <ul class=\"knsl-breadcrumbs\"><li><a href=\"https:\/\/sunbeachhotel-bj.com\" title=\"Sun Beach H\u00f4tel\">Home<\/a><\/li><li class=\"tst-active\"><a><\/a><\/li><\/ul>\n            <\/div>\n\n          <\/div>\n        <\/div>\n      <\/div>\n    <\/section>\n    <!-- banner end -->\n\n\t\t\t\t\t\t<\/div>\n\t\t\t\t<\/div>\n\t\t\t\t\t<\/div>\n\t\t<\/div>\n\t\t\t\t\t<\/div>\n\t\t<\/section>\n\t\t\t\t<section class=\"elementor-section elementor-top-section elementor-element elementor-element-bcacc7c elementor-section-full_width elementor-section-height-default elementor-section-height-default\" data-id=\"bcacc7c\" data-element_type=\"section\">\n\t\t\t\t\t\t<div class=\"elementor-container elementor-column-gap-no\">\n\t\t\t\t\t<div class=\"elementor-column elementor-col-100 elementor-top-column elementor-element elementor-element-08937c3\" data-id=\"08937c3\" data-element_type=\"column\">\n\t\t\t<div class=\"elementor-widget-wrap elementor-element-populated\">\n\t\t\t\t\t\t<div class=\"elementor-element elementor-element-bf7825a elementor-widget elementor-widget-kinsley-about-quote\" data-id=\"bf7825a\" data-element_type=\"widget\" data-widget_type=\"kinsley-about-quote.default\">\n\t\t\t\t<div class=\"elementor-widget-container\">\n\t\t\t\t\t\n    <!-- quote -->\n    <section class=\"knsl-p-0-100\">\n\n      <div class=\"container\">\n        <div class=\"row\">\n\n          <div class=\"col-lg-12\">\n\n            <div class=\"knsl-quote-with-author\">\n\n              <div class=\"row align-items-center\">\n                <div class=\"col-lg-4\">\n                                    <div class=\"knsl-photo-frame\">\n                    <img decoding=\"async\" src=\"https:\/\/sunbeachhotel-bj.com\/wp-content\/uploads\/2025\/12\/DSC_0445-950x631.jpg\" alt=\"SUN BEACH HOTEL\" \/>\n                  <\/div>\n                                  <\/div>\n                <div class=\"col-lg-8\">\n                                    <blockquote>\n                    <span >\n                      Offrir \u00e0 chaque visiteur une exp\u00e9rience d\u2019h\u00e9bergement unique, alliant confort, raffinement et chaleur humaine, dans un environnement propice au repos et \u00e0 la d\u00e9couverte.                    <\/span>\n                  <\/blockquote>\n                                    <div class=\"knsl-quote-bottom\">\n                    <div>\n                                            <h4>\n                        <span >\n                  \t\t\t\tSUN BEACH HOTEL                  \t\t\t<\/span>\n                      <\/h4>\n                                                                  <p>\n                        <span >\n                  \t\t\t\tLa Diection                  \t\t\t<\/span>\n                      <\/p>\n                                          <\/div>\n                                        <img decoding=\"async\" src=\"https:\/\/bslthemes.com\/import\/kinsley\/hotel\/uploads\/2021\/12\/signature.png\" class=\"knsl-signature\" alt=\"signature\" \/>\n                                      <\/div>\n                <\/div>\n              <\/div>\n            <\/div>\n\n          <\/div>\n\n        <\/div>\n\n      <\/div>\n\n    <\/section>\n    <!-- quote end -->\n\n\t\t\t\t\t\t<\/div>\n\t\t\t\t<\/div>\n\t\t\t\t\t<\/div>\n\t\t<\/div>\n\t\t\t\t\t<\/div>\n\t\t<\/section>\n\t\t\t\t<section class=\"elementor-section elementor-top-section elementor-element elementor-element-1edd412 elementor-section-full_width elementor-section-height-default elementor-section-height-default\" data-id=\"1edd412\" data-element_type=\"section\">\n\t\t\t\t\t\t<div class=\"elementor-container elementor-column-gap-no\">\n\t\t\t\t\t<div class=\"elementor-column elementor-col-100 elementor-top-column elementor-element elementor-element-d8a79f3\" data-id=\"d8a79f3\" data-element_type=\"column\">\n\t\t\t<div class=\"elementor-widget-wrap\">\n\t\t\t\t\t\t\t<\/div>\n\t\t<\/div>\n\t\t\t\t\t<\/div>\n\t\t<\/section>\n\t\t\t\t<section class=\"elementor-section elementor-top-section elementor-element elementor-element-63909ac elementor-section-full_width elementor-section-height-default elementor-section-height-default\" data-id=\"63909ac\" data-element_type=\"section\">\n\t\t\t\t\t\t<div class=\"elementor-container elementor-column-gap-no\">\n\t\t\t\t\t<div class=\"elementor-column elementor-col-100 elementor-top-column elementor-element elementor-element-2b41df9\" data-id=\"2b41df9\" data-element_type=\"column\">\n\t\t\t<div class=\"elementor-widget-wrap elementor-element-populated\">\n\t\t\t\t\t\t<div class=\"elementor-element elementor-element-875b629 elementor-widget elementor-widget-kinsley-about-video\" data-id=\"875b629\" data-element_type=\"widget\" data-widget_type=\"kinsley-about-video.default\">\n\t\t\t\t<div class=\"elementor-widget-container\">\n\t\t\t\t\t\n\t\t<!-- video -->\n    <section class=\"knsl-p-0-100\">\n\n      <div class=\"container\">\n\n        <div class=\"knsl-about-card\">\n          <div class=\"row g-0\">\n            <div class=\"col-lg-6\">\n              <div class=\"knsl-about-text\">\n                <div class=\"knsl-title-frame\">\n\t\t\t\t\t\t\t\t\t                  <h2 class=\"knsl-title--h knsl-mb-20\">\n\t\t\t\t\t\t\t\t\t\t<span >\n\t\t\t\t\t\t\t\t\t\t\tUne \u00e9quipe d\u00e9vou\u00e9e \u00e0 votre satisfaction\t\t\t\t\t\t\t\t\t\t<\/span>\n\t\t\t\t\t\t\t\t\t<\/h2>\n\t\t\t\t\t\t\t\t\t\t\t\t\t\t\t\t\t\t\t\t\t\t\t\t\t\t\t<div class=\"knsl-text knsl-mb-30\">\n\t\t\t\t\t\t\t\t\t\t<div >\n                      <p>Chaque membre du personnel du Sun Beach H\u00f4tel &amp; Suites est form\u00e9 pour anticiper vos besoins et vous accompagner tout au long de votre s\u00e9jour.<\/p><p data-start=\"1120\" data-end=\"1163\">Nous pla\u00e7ons l\u2019humain au centre de tout :<\/p><ul data-start=\"1164\" data-end=\"1386\"><li data-start=\"1164\" data-end=\"1220\"><p data-start=\"1166\" data-end=\"1220\"><strong data-start=\"1166\" data-end=\"1181\">Hospitalit\u00e9<\/strong> : un accueil sinc\u00e8re et attentionn\u00e9.<\/p><\/li><li data-start=\"1221\" data-end=\"1295\"><p data-start=\"1223\" data-end=\"1295\"><strong data-start=\"1223\" data-end=\"1237\">Excellence<\/strong> : un service \u00e0 la hauteur des standards internationaux.<\/p><\/li><li data-start=\"1296\" data-end=\"1386\"><p data-start=\"1298\" data-end=\"1386\"><strong data-start=\"1298\" data-end=\"1314\">Authenticit\u00e9<\/strong> : la mise en valeur du savoir-faire b\u00e9ninois et de la culture locale.<\/p><\/li><\/ul>                    <\/div>\n\t\t\t\t\t\t\t\t\t<\/div>\n\t\t\t\t\t\t\t\t\t\t\t\t\t\t\t\t\t\t                <\/div>\n              <\/div>\n            <\/div>\n            <div class=\"col-lg-6\">\n              <div class=\"knsl-video-frame\">\n\t\t\t\t\t\t\t\t\t\t\t\t\t\t\t\t<img decoding=\"async\" src=\"https:\/\/sunbeachhotel-bj.com\/wp-content\/uploads\/2025\/12\/DSC_0169-Copie-1920x1275.jpg\" alt=\"Une \u00e9quipe d\u00e9vou\u00e9e \u00e0 votre satisfaction\" \/>\n\t\t\t\t\t\t\t\t\t\t\t\t\t\t\t\t              <\/div>\n            <\/div>\n          <\/div>\n        <\/div>\n      <\/div>\n\n    <\/section>\n    <!-- video end -->\n\n\t\t\t\t\t\t<\/div>\n\t\t\t\t<\/div>\n\t\t\t\t<div class=\"elementor-element elementor-element-d69d785 elementor-widget elementor-widget-kinsley-features-inner\" data-id=\"d69d785\" data-element_type=\"widget\" data-widget_type=\"kinsley-features-inner.default\">\n\t\t\t\t<div class=\"elementor-widget-container\">\n\t\t\t\t\t\n\t\t<!-- features -->\n\t\t<section class=\"knsl-p-0-90\">\n\t\t <div class=\"container\">\t\t\t<div class=\"row\">\n\t\t\t\t\t\t\t\t<div class=\"col-lg-12\">\n\n\t\t\t\t\t<div class=\"knsl-center knsl-title-frame knsl-mb-100\">\n\t\t\t\t\t\t\t\t\t\t\t\t<h2 class=\"knsl-title--h knsl-mb-20\">\n\t\t\t\t\t\t\t<span >\n\t\t\t\t\t\t\t\t\tSun Beach H\u00f4tel &amp; Suites\t\t\t\t\t\t\t<\/span>\n\t\t\t\t\t\t<\/h2>\n\t\t\t\t\t\t\t\t\t\t\t\t\t\t\t\t\t\t<div class=\"knsl-text knsl-mb-30\">\n\t\t\t\t\t\t\t<p>\n\t\t\t\t\t\t\t\t<span >\n\t\t\t\t\t\t\t\t\tDepuis sa cr\u00e9ation, le Sun Beach H\u00f4tel &amp; Suites s\u2019impose comme une r\u00e9f\u00e9rence dans l\u2019h\u00f4tellerie haut de gamme \u00e0 Cotonou.\nSitu\u00e9 dans le quartier r\u00e9sidentiel de Fidjross\u00e8, l\u2019\u00e9tablissement allie \u00e9l\u00e9gance moderne, service personnalis\u00e9 et authenticit\u00e9 locale.\t\t\t\t\t\t\t\t<\/span>\n\t\t\t\t\t\t\t<\/p>\n\t\t\t\t\t\t<\/div>\n\t\t\t\t\t\t\t\t\t\t\t\t\t\t\t\t\t\t<a href=\"\/kinsley\/services\/\" class=\"knsl-btn knsl-btn-md\">\n\t\t\t\t\t\t\t<span >\n\t\t\t\t\t\t\t\t\tServices\t\t\t\t\t\t\t<\/span>\n\t\t\t\t\t\t<\/a>\n\t\t\t\t\t\t\t\t\t\t\t<\/div>\n\t\t\t\t<\/div>\n\t\t\t\t\t\t\t\t\t\t\t\t\t\t\t\t<div class=\"col-lg-3\">\n\t\t\t\t\t<!-- icon box -->\n\t\t\t\t\t<div class=\"knsl-icon-box knsl-scroll-animation\">\n\t\t\t\t\t\t\t\t\t\t\t\t<img decoding=\"async\" src=\"https:\/\/sunbeachhotel-bj.com\/wp-content\/uploads\/2025\/12\/f-1.png\" class=\"knsl-mb-10\" alt=\"Airport transfer\" \/>\n\t\t\t\t\t\t\t\t\t\t\t\t\t\t\t\t\t\t<h5>\n\t\t\t\t\t\t\t<span >\n\t\t\t\t\t\t\t\tAirport transfer\t\t\t\t\t\t\t<\/span>\n\t\t\t\t\t\t<\/h5>\n\t\t\t\t\t\t\t\t\t\t\t<\/div>\n\t\t\t\t\t<!-- icon box end -->\n\t\t\t\t<\/div>\n\t\t\t\t\t\t\t\t<div class=\"col-lg-3\">\n\t\t\t\t\t<!-- icon box -->\n\t\t\t\t\t<div class=\"knsl-icon-box knsl-scroll-animation\">\n\t\t\t\t\t\t\t\t\t\t\t\t<img decoding=\"async\" src=\"https:\/\/sunbeachhotel-bj.com\/wp-content\/uploads\/2025\/12\/f-2-1.png\" class=\"knsl-mb-10\" alt=\"All inclusive\" \/>\n\t\t\t\t\t\t\t\t\t\t\t\t\t\t\t\t\t\t<h5>\n\t\t\t\t\t\t\t<span >\n\t\t\t\t\t\t\t\tAll inclusive\t\t\t\t\t\t\t<\/span>\n\t\t\t\t\t\t<\/h5>\n\t\t\t\t\t\t\t\t\t\t\t<\/div>\n\t\t\t\t\t<!-- icon box end -->\n\t\t\t\t<\/div>\n\t\t\t\t\t\t\t\t<div class=\"col-lg-3\">\n\t\t\t\t\t<!-- icon box -->\n\t\t\t\t\t<div class=\"knsl-icon-box knsl-scroll-animation\">\n\t\t\t\t\t\t\t\t\t\t\t\t<img decoding=\"async\" src=\"https:\/\/sunbeachhotel-bj.com\/wp-content\/uploads\/2025\/12\/f-3-1.png\" class=\"knsl-mb-10\" alt=\"Air-conditioned\" \/>\n\t\t\t\t\t\t\t\t\t\t\t\t\t\t\t\t\t\t<h5>\n\t\t\t\t\t\t\t<span >\n\t\t\t\t\t\t\t\tAir-conditioned\t\t\t\t\t\t\t<\/span>\n\t\t\t\t\t\t<\/h5>\n\t\t\t\t\t\t\t\t\t\t\t<\/div>\n\t\t\t\t\t<!-- icon box end -->\n\t\t\t\t<\/div>\n\t\t\t\t\t\t\t\t<div class=\"col-lg-3\">\n\t\t\t\t\t<!-- icon box -->\n\t\t\t\t\t<div class=\"knsl-icon-box knsl-scroll-animation\">\n\t\t\t\t\t\t\t\t\t\t\t\t<img decoding=\"async\" src=\"https:\/\/sunbeachhotel-bj.com\/wp-content\/uploads\/2025\/12\/f-4-1.png\" class=\"knsl-mb-10\" alt=\"Under protection\" \/>\n\t\t\t\t\t\t\t\t\t\t\t\t\t\t\t\t\t\t<h5>\n\t\t\t\t\t\t\t<span >\n\t\t\t\t\t\t\t\tUnder protection\t\t\t\t\t\t\t<\/span>\n\t\t\t\t\t\t<\/h5>\n\t\t\t\t\t\t\t\t\t\t\t<\/div>\n\t\t\t\t\t<!-- icon box end -->\n\t\t\t\t<\/div>\n\t\t\t\t\t\t\t\t<div class=\"col-lg-3\">\n\t\t\t\t\t<!-- icon box -->\n\t\t\t\t\t<div class=\"knsl-icon-box knsl-scroll-animation\">\n\t\t\t\t\t\t\t\t\t\t\t\t<img decoding=\"async\" src=\"https:\/\/sunbeachhotel-bj.com\/wp-content\/uploads\/2025\/12\/f-5.png\" class=\"knsl-mb-10\" alt=\"4 private pools\" \/>\n\t\t\t\t\t\t\t\t\t\t\t\t\t\t\t\t\t\t<h5>\n\t\t\t\t\t\t\t<span >\n\t\t\t\t\t\t\t\t4 private pools\t\t\t\t\t\t\t<\/span>\n\t\t\t\t\t\t<\/h5>\n\t\t\t\t\t\t\t\t\t\t\t<\/div>\n\t\t\t\t\t<!-- icon box end -->\n\t\t\t\t<\/div>\n\t\t\t\t\t\t\t\t<div class=\"col-lg-3\">\n\t\t\t\t\t<!-- icon box -->\n\t\t\t\t\t<div class=\"knsl-icon-box knsl-scroll-animation\">\n\t\t\t\t\t\t\t\t\t\t\t\t<img decoding=\"async\" src=\"https:\/\/sunbeachhotel-bj.com\/wp-content\/uploads\/2025\/12\/f-6.png\" class=\"knsl-mb-10\" alt=\"Free wi-fi\" \/>\n\t\t\t\t\t\t\t\t\t\t\t\t\t\t\t\t\t\t<h5>\n\t\t\t\t\t\t\t<span >\n\t\t\t\t\t\t\t\tFree wi-fi\t\t\t\t\t\t\t<\/span>\n\t\t\t\t\t\t<\/h5>\n\t\t\t\t\t\t\t\t\t\t\t<\/div>\n\t\t\t\t\t<!-- icon box end -->\n\t\t\t\t<\/div>\n\t\t\t\t\t\t\t\t<div class=\"col-lg-3\">\n\t\t\t\t\t<!-- icon box -->\n\t\t\t\t\t<div class=\"knsl-icon-box knsl-scroll-animation\">\n\t\t\t\t\t\t\t\t\t\t\t\t<img decoding=\"async\" src=\"https:\/\/sunbeachhotel-bj.com\/wp-content\/uploads\/2025\/12\/f-7.png\" class=\"knsl-mb-10\" alt=\"Smart TV\" \/>\n\t\t\t\t\t\t\t\t\t\t\t\t\t\t\t\t\t\t<h5>\n\t\t\t\t\t\t\t<span >\n\t\t\t\t\t\t\t\tSmart TV\t\t\t\t\t\t\t<\/span>\n\t\t\t\t\t\t<\/h5>\n\t\t\t\t\t\t\t\t\t\t\t<\/div>\n\t\t\t\t\t<!-- icon box end -->\n\t\t\t\t<\/div>\n\t\t\t\t\t\t\t\t<div class=\"col-lg-3\">\n\t\t\t\t\t<!-- icon box -->\n\t\t\t\t\t<div class=\"knsl-icon-box knsl-scroll-animation\">\n\t\t\t\t\t\t\t\t\t\t\t\t<img decoding=\"async\" src=\"https:\/\/sunbeachhotel-bj.com\/wp-content\/uploads\/2025\/12\/f-8.png\" class=\"knsl-mb-10\" alt=\"Laundry\" \/>\n\t\t\t\t\t\t\t\t\t\t\t\t\t\t\t\t\t\t<h5>\n\t\t\t\t\t\t\t<span >\n\t\t\t\t\t\t\t\tLaundry\t\t\t\t\t\t\t<\/span>\n\t\t\t\t\t\t<\/h5>\n\t\t\t\t\t\t\t\t\t\t\t<\/div>\n\t\t\t\t\t<!-- icon box end -->\n\t\t\t\t<\/div>\n\t\t\t\t\t\t\t\t\t\t\t<\/div>\n\t\t <\/div>\t\t<\/section>\n\t\t<!-- features end -->\n\n\t\t\t\t\t\t<\/div>\n\t\t\t\t<\/div>\n\t\t\t\t\t<\/div>\n\t\t<\/div>\n\t\t\t\t\t<\/div>\n\t\t<\/section>\n\t\t\t\t<section class=\"elementor-section elementor-top-section elementor-element elementor-element-000b28d elementor-section-full_width elementor-section-height-default elementor-section-height-default\" data-id=\"000b28d\" data-element_type=\"section\">\n\t\t\t\t\t\t<div class=\"elementor-container elementor-column-gap-no\">\n\t\t\t\t\t<div class=\"elementor-column elementor-col-100 elementor-top-column elementor-element elementor-element-5da090b\" data-id=\"5da090b\" data-element_type=\"column\">\n\t\t\t<div class=\"elementor-widget-wrap elementor-element-populated\">\n\t\t\t\t\t\t<div class=\"elementor-element elementor-element-04e9af5 elementor-widget elementor-widget-kinsley-services\" data-id=\"04e9af5\" data-element_type=\"widget\" data-widget_type=\"kinsley-services.default\">\n\t\t\t\t<div class=\"elementor-widget-container\">\n\t\t\t\t\t\n\t\t<!-- services -->\n\t\t<section class=\"knsl-p-0-80\">\n\t\t\t\n\t\t\t<div class=\"container\">\t\t\t\t<div class=\"row \">\n\t\t\t\t\n\t\t\t\t\t\t\t\t\t\t<div class=\"col-lg-12\">\n\t\t\t\t\t\t<div class=\"knsl-center knsl-title-frame knsl-scroll-animation knsl-mb-100\">\n\t\t\t\t\t\t\t\t\t\t\t\t\t\t<h2 class=\"knsl-title--h knsl-mb-20\">\n\t\t\t\t\t\t\t\t<span >\n\t\t\t\t\t\t\t\t\tOur services\t\t\t\t\t\t\t\t<\/span>\n\t\t\t\t\t\t\t<\/h2>\n\t\t\t\t\t\t\t\t\t\t\t\t\t\t\t\t\t\t\t\t\t<div class=\"knsl-text knsl-mb-30\">\n\t\t\t\t\t\t\t\t<p>\n\t\t\t\t\t\t\t\t\t<span >\n\t\t\t\t\t\t\t\t\t\tConsectetur adipisicing elit. Nihil, illum voluptate eveniet ex fugit ea delectus, sed voluptatem. Laborum accusantium libero commodi id officiis itaque esse adipisci, necessitatibus asperiores, illo odio.\t\t\t\t\t\t\t\t\t<\/span>\n\t\t\t\t\t\t\t\t<\/p>\n\t\t\t\t\t\t\t<\/div>\n\t\t\t\t\t\t\t\t\t\t\t\t\t\t\t\t\t\t\t\t\t<a  href=\"\/kinsley\/services\/\" class=\"knsl-btn knsl-btn-md\">\n\t\t\t\t\t\t\t\t<span >\n\t\t\t\t\t\t\t\t\tServices\t\t\t\t\t\t\t\t<\/span>\n\t\t\t\t\t\t\t<\/a>\n\t\t\t\t\t\t\t\t\t\t\t\t\t<\/div>\n\t\t\t\t\t<\/div>\n\t\t\t\t\t\n\t\t\t\t\t\t\t\t\t\t\t\t\t\t\t<div class=\"col-md-6 col-lg-4\">\n\n\t\t\t\t\t\t\n\n<!-- service card -->\n<div class=\"knsl-ath-card \">\n\t<div class=\"knsl-cover-frame\">\n\t\t<a href=\"https:\/\/sunbeachhotel-bj.com\/index.php\/services\/spa-salon\/\">\n\t\t\t\t\t\t<img decoding=\"async\" src=\"https:\/\/sunbeachhotel-bj.com\/wp-content\/uploads\/2021\/12\/photo_piscine_2-scaled.jpg\" alt=\"Piscine\">\n\t\t\t\t\t<\/a>\n\t\t\t\t<div class=\"knsl-badge\">\n\t\t\t\n<p class=\"mphb-price-wrapper\"><strong>Prix :<\/strong>\n<span class=\"mphb-price\">Gratuit<\/span>\n<\/p>\t\t<\/div>\n\t\t\t<\/div>\n\t<div class=\"knsl-card-description\">\n\t\t<h3 class=\"knsl-mb-10\">\n\t\t\tPiscine\t\t<\/h3>\n\t\t<div class=\"knsl-text knsl-text--h\">\n\t\t\t<p>Une oasis de s\u00e9r\u00e9nit\u00e9 et de raffinement Offrez-vous un moment de d\u00e9tente absolue dans\u2026<\/p>\n\t\t<\/div>\n\t\t<a href=\"https:\/\/sunbeachhotel-bj.com\/index.php\/services\/spa-salon\/\" class=\"knsl-btn\">\n\t\t\tRead more\t\t\t<span class=\"screen-reader-text\">Read more&nbsp;Piscine<\/span>\n\t\t<\/a>\n\t<\/div>\n<\/div>\n<!-- service card end -->\n\n\t\t\t\t\t<\/div>\n\t\t\t\t\t\t\t\t\t\t<div class=\"col-md-6 col-lg-4\">\n\n\t\t\t\t\t\t\n\n<!-- service card -->\n<div class=\"knsl-ath-card \">\n\t<div class=\"knsl-cover-frame\">\n\t\t<a href=\"https:\/\/sunbeachhotel-bj.com\/index.php\/services\/gym\/\">\n\t\t\t\t\t\t<img decoding=\"async\" src=\"https:\/\/sunbeachhotel-bj.com\/wp-content\/uploads\/2025\/12\/DJI_0257-950x534.jpg\" alt=\"Gym\">\n\t\t\t\t\t<\/a>\n\t\t\t\t<div class=\"knsl-badge\">\n\t\t\t\n<p class=\"mphb-price-wrapper\"><strong>Prix :<\/strong>\n<span class=\"mphb-price\">Gratuit<\/span>\n<\/p>\t\t<\/div>\n\t\t\t<\/div>\n\t<div class=\"knsl-card-description\">\n\t\t<h3 class=\"knsl-mb-10\">\n\t\t\tGym\t\t<\/h3>\n\t\t<div class=\"knsl-text knsl-text--h\">\n\t\t\t<p>Image for cattle earth. May one Which life divide sea. Commodi soluta minima nemo,\u2026<\/p>\n\t\t<\/div>\n\t\t<a href=\"https:\/\/sunbeachhotel-bj.com\/index.php\/services\/gym\/\" class=\"knsl-btn\">\n\t\t\tRead more\t\t\t<span class=\"screen-reader-text\">Read more&nbsp;Gym<\/span>\n\t\t<\/a>\n\t<\/div>\n<\/div>\n<!-- service card end -->\n\n\t\t\t\t\t<\/div>\n\t\t\t\t\t\t\t\t\t\t<div class=\"col-md-6 col-lg-4\">\n\n\t\t\t\t\t\t\n\n<!-- service card -->\n<div class=\"knsl-ath-card \">\n\t<div class=\"knsl-cover-frame\">\n\t\t<a href=\"https:\/\/sunbeachhotel-bj.com\/index.php\/services\/navette\/\">\n\t\t\t\t\t\t<img decoding=\"async\" src=\"https:\/\/sunbeachhotel-bj.com\/wp-content\/uploads\/2026\/04\/ChatGPT-Image-1-avr.-2026-15_44_57-950x633.png\" alt=\"Navette\">\n\t\t\t\t\t<\/a>\n\t\t\t\t<div class=\"knsl-badge\">\n\t\t\t\n<p class=\"mphb-price-wrapper\"><strong>Prix :<\/strong>\n<span class=\"mphb-price\">Gratuit<\/span>\n<\/p>\t\t<\/div>\n\t\t\t<\/div>\n\t<div class=\"knsl-card-description\">\n\t\t<h3 class=\"knsl-mb-10\">\n\t\t\tNavette\t\t<\/h3>\n\t\t<div class=\"knsl-text knsl-text--h\">\n\t\t\t<p>Pour votre confort, Sun Beach Hotel met \u00e0 votre disposition un service de navette\u2026<\/p>\n\t\t<\/div>\n\t\t<a href=\"https:\/\/sunbeachhotel-bj.com\/index.php\/services\/navette\/\" class=\"knsl-btn\">\n\t\t\tRead more\t\t\t<span class=\"screen-reader-text\">Read more&nbsp;Navette<\/span>\n\t\t<\/a>\n\t<\/div>\n<\/div>\n<!-- service card end -->\n\n\t\t\t\t\t<\/div>\n\t\t\t\t\t\n\t\t\t\t\t\n\t\t\t\t\t\t\t\t\t\t\n    \t\t\t<\/div>\n\t\t\t<\/div>\n\t\t<\/section>\n\t\t<!-- services end -->\n\n\t\t\t\t\t\t<\/div>\n\t\t\t\t<\/div>\n\t\t\t\t\t<\/div>\n\t\t<\/div>\n\t\t\t\t\t<\/div>\n\t\t<\/section>\n\t\t\t\t<\/div>\n\t\t","protected":false},"excerpt":{"rendered":"<p>Sun Beach H\u00f4tel &amp; Suites Cotonou \u2013 L\u2019art de l\u2019hospitalit\u00e9 b\u00e9ninoise D\u00e9couvrez l\u2019histoire et\u2026<\/p>\n","protected":false},"author":1,"featured_media":0,"parent":0,"menu_order":0,"comment_status":"closed","ping_status":"closed","template":"template-layout-builder.php","meta":{"_acf_changed":false,"inline_featured_image":false,"footnotes":""},"class_list":["post-287","page","type-page","status-publish","hentry"],"acf":[],"_links":{"self":[{"href":"https:\/\/sunbeachhotel-bj.com\/index.php\/wp-json\/wp\/v2\/pages\/287","targetHints":{"allow":["GET"]}}],"collection":[{"href":"https:\/\/sunbeachhotel-bj.com\/index.php\/wp-json\/wp\/v2\/pages"}],"about":[{"href":"https:\/\/sunbeachhotel-bj.com\/index.php\/wp-json\/wp\/v2\/types\/page"}],"author":[{"embeddable":true,"href":"https:\/\/sunbeachhotel-bj.com\/index.php\/wp-json\/wp\/v2\/users\/1"}],"replies":[{"embeddable":true,"href":"https:\/\/sunbeachhotel-bj.com\/index.php\/wp-json\/wp\/v2\/comments?post=287"}],"version-history":[{"count":43,"href":"https:\/\/sunbeachhotel-bj.com\/index.php\/wp-json\/wp\/v2\/pages\/287\/revisions"}],"predecessor-version":[{"id":3908,"href":"https:\/\/sunbeachhotel-bj.com\/index.php\/wp-json\/wp\/v2\/pages\/287\/revisions\/3908"}],"wp:attachment":[{"href":"https:\/\/sunbeachhotel-bj.com\/index.php\/wp-json\/wp\/v2\/media?parent=287"}],"curies":[{"name":"wp","href":"https:\/\/api.w.org\/{rel}","templated":true}]}}